{"id":9847,"date":"2021-08-31T15:29:54","date_gmt":"2021-08-31T13:29:54","guid":{"rendered":"https:\/\/www.effe.it\/home\/"},"modified":"2026-05-04T11:47:27","modified_gmt":"2026-05-04T09:47:27","slug":"home","status":"publish","type":"page","link":"https:\/\/www.effe.it\/fr\/","title":{"rendered":"Home"},"content":{"rendered":"","protected":false},"excerpt":{"rendered":"","protected":false},"author":1,"featured_media":0,"parent":0,"menu_order":0,"comment_status":"closed","ping_status":"closed","template":"","meta":{"inline_featured_image":false,"footnotes":""},"categoria_pagina":[],"better_featured_image":null,"acf":{"add_custom_gallery":false,"slider_gallery_homepage":[{"image-slider-gallery":"https:\/\/static.effe.it\/website\/2026\/05\/04114045\/IMG_9925-LR-copiahp-sito.jpg","title-image-gallery":"Baluar par Patricia Urquiola","text-image-gallery":"Un refuge d\u00e9di\u00e9 au bien-\u00eatre et une pr\u00e9sence architecturale unique en son genre.","video":"","activate_on_mobile":false,"seleziona_tipo_link":"Link Esterno","product_page_related":[{"ID":29985,"post_author":"12708","post_date":"2023-05-10 10:22:27","post_date_gmt":"2023-05-10 08:22:27","post_content":"<!-- wp:paragraph -->\n<p>Aladdin, le nouveau sauna dessin\u00e9 par Rodolfo Dordoni et Michele Angelini, na\u00eet de l\u2019exigence de plus en plus grande d\u2019int\u00e9grer des espaces d\u00e9di\u00e9s au bien-\u00eatre personnel dans des environnements living.<\/p>\n<!-- \/wp:paragraph -->\n\n<!-- wp:paragraph -->\n<p>Ce produit est caract\u00e9ris\u00e9 par les miroirs qui en recouvrent la partie inf\u00e9rieure et par l\u2019aluminium anodis\u00e9 utilis\u00e9 pour le rev\u00eatement du po\u00eale et pour le profil ext\u00e9rieur. Ces surfaces raffin\u00e9es cr\u00e9ent un jeu&nbsp;visuel qui lie harmonieusement le design d\u2019Aladdin \u00e0 celui de son environnement.&nbsp;<\/p>\n<!-- \/wp:paragraph -->\n\n<!-- wp:paragraph -->\n<p>Aladdin peut \u00eatre compl\u00e9t\u00e9 par un caillebotis int\u00e9rieur avec rev\u00eatement en gr\u00e8s&nbsp;: une sorte de tapis suspendu qui int\u00e8gre ce sauna dans les environnements living les plus sophistiqu\u00e9s, tout en soulignant sa l\u00e9g\u00e8ret\u00e9.&nbsp;<\/p>\n<!-- \/wp:paragraph -->\n\n<!-- wp:paragraph -->\n<p>L\u2019int\u00e9rieur est rendu unique par les si\u00e8ges en bois tr\u00e8s confortables gr\u00e2ce \u00e0 leurs coins doucement arrondis, construits avec seulement deux \u00e9l\u00e9ments.<\/p>\n<!-- \/wp:paragraph -->\n\n<!-- wp:paragraph -->\n<p>Le po\u00eale, c\u0153ur battant de tout sauna, est rev\u00eatu d\u2019un carter en aluminium anodis\u00e9, mat\u00e9riau repris dans le profil ext\u00e9rieur qui encadre la fa\u00e7ade.<\/p>\n<!-- \/wp:paragraph -->","post_title":"Aladdin","post_excerpt":"","post_status":"publish","comment_status":"closed","ping_status":"closed","post_password":"","post_name":"aladdin","to_ping":"","pinged":"","post_modified":"2026-04-30 10:59:08","post_modified_gmt":"2026-04-30 08:59:08","post_content_filtered":"","post_parent":0,"guid":"https:\/\/www.effe.it\/prodotto\/aladdin\/","menu_order":0,"post_type":"prodotto","post_mime_type":"","comment_count":"0","filter":"raw"}],"url_link_":"https:\/\/www.effe.it\/en\/?p=37713"},{"image-slider-gallery":"https:\/\/static.effe.it\/website\/2023\/10\/Aladdin-homepage.jpg","title-image-gallery":"Aladdin Sauna","text-image-gallery":"Magique et fluctuant, Aladdin s\u2019inspire de l\u2019id\u00e9e de l\u00e9g\u00e8ret\u00e9. Design: Rodolfo Dordoni & Michele Angelini","video":"","activate_on_mobile":true,"seleziona_tipo_link":"Link Interno","product_page_related":[{"ID":29985,"post_author":"12708","post_date":"2023-05-10 10:22:27","post_date_gmt":"2023-05-10 08:22:27","post_content":"<!-- wp:paragraph -->\n<p>Aladdin, le nouveau sauna dessin\u00e9 par Rodolfo Dordoni et Michele Angelini, na\u00eet de l\u2019exigence de plus en plus grande d\u2019int\u00e9grer des espaces d\u00e9di\u00e9s au bien-\u00eatre personnel dans des environnements living.<\/p>\n<!-- \/wp:paragraph -->\n\n<!-- wp:paragraph -->\n<p>Ce produit est caract\u00e9ris\u00e9 par les miroirs qui en recouvrent la partie inf\u00e9rieure et par l\u2019aluminium anodis\u00e9 utilis\u00e9 pour le rev\u00eatement du po\u00eale et pour le profil ext\u00e9rieur. Ces surfaces raffin\u00e9es cr\u00e9ent un jeu&nbsp;visuel qui lie harmonieusement le design d\u2019Aladdin \u00e0 celui de son environnement.&nbsp;<\/p>\n<!-- \/wp:paragraph -->\n\n<!-- wp:paragraph -->\n<p>Aladdin peut \u00eatre compl\u00e9t\u00e9 par un caillebotis int\u00e9rieur avec rev\u00eatement en gr\u00e8s&nbsp;: une sorte de tapis suspendu qui int\u00e8gre ce sauna dans les environnements living les plus sophistiqu\u00e9s, tout en soulignant sa l\u00e9g\u00e8ret\u00e9.&nbsp;<\/p>\n<!-- \/wp:paragraph -->\n\n<!-- wp:paragraph -->\n<p>L\u2019int\u00e9rieur est rendu unique par les si\u00e8ges en bois tr\u00e8s confortables gr\u00e2ce \u00e0 leurs coins doucement arrondis, construits avec seulement deux \u00e9l\u00e9ments.<\/p>\n<!-- \/wp:paragraph -->\n\n<!-- wp:paragraph -->\n<p>Le po\u00eale, c\u0153ur battant de tout sauna, est rev\u00eatu d\u2019un carter en aluminium anodis\u00e9, mat\u00e9riau repris dans le profil ext\u00e9rieur qui encadre la fa\u00e7ade.<\/p>\n<!-- \/wp:paragraph -->","post_title":"Aladdin","post_excerpt":"","post_status":"publish","comment_status":"closed","ping_status":"closed","post_password":"","post_name":"aladdin","to_ping":"","pinged":"","post_modified":"2026-04-30 10:59:08","post_modified_gmt":"2026-04-30 08:59:08","post_content_filtered":"","post_parent":0,"guid":"https:\/\/www.effe.it\/prodotto\/aladdin\/","menu_order":0,"post_type":"prodotto","post_mime_type":"","comment_count":"0","filter":"raw"}],"url_link_":"https:\/\/www.effe.it\/fr\/assistance\/centres-de-service\/"},{"image-slider-gallery":"https:\/\/static.effe.it\/website\/2023\/05\/effe-sdm-2023-08857-1.jpg","title-image-gallery":"Natural Hammam","text-image-gallery":"Dimensions compactes  et design unique","video":"","activate_on_mobile":false,"seleziona_tipo_link":"Link Interno","product_page_related":[{"ID":29969,"post_author":"12708","post_date":"2023-05-10 11:41:39","post_date_gmt":"2023-05-10 09:41:39","post_content":"<!-- wp:paragraph -->\n<p>Dans la s\u00e9rie Natural, la paroi vitr\u00e9e lat\u00e9rale avec finition satin\u00e9e est con\u00e7ue pour refl\u00e9ter la lumi\u00e8re de la chromoth\u00e9rapie en cr\u00e9ant un effet de couleur immersif et une exp\u00e9rience sensorielle compl\u00e8te.&nbsp;Les amples transparences garantissent une relation entre l\u2019int\u00e9rieur et l\u2019ext\u00e9rieur qui supprime toute sensation d\u2019enfermement.<\/p>\n<!-- \/wp:paragraph -->\n\n<!-- wp:paragraph -->\n<p>Natural Hammam repr\u00e9sente un concentr\u00e9 de technologie, gr\u00e2ce \u00e9galement \u00e0 l\u2019utilisation de Nuvola: simplicit\u00e9 et fiabilit\u00e9 au service de votre bien-\u00eatre. L\u2019exp\u00e9rience est compl\u00e9t\u00e9e par une grande pomme de douche de 25 cm et une douchette \u00e0 main, disponibles en trois finitions diff\u00e9rentes : chrome, noir mat et canon de fusil mat PVD.<\/p>\n<!-- \/wp:paragraph -->","post_title":"Natural H","post_excerpt":"","post_status":"publish","comment_status":"closed","ping_status":"closed","post_password":"","post_name":"natural-h","to_ping":"","pinged":"","post_modified":"2026-04-30 10:52:31","post_modified_gmt":"2026-04-30 08:52:31","post_content_filtered":"","post_parent":0,"guid":"https:\/\/www.effe.it\/prodotto\/natural-h\/","menu_order":0,"post_type":"prodotto","post_mime_type":"","comment_count":"0","filter":"raw"}],"url_link_":"https:\/\/www.effe.it\/fr\/assistance\/centres-de-service\/"},{"image-slider-gallery":"https:\/\/static.effe.it\/website\/2023\/10\/screen-App-sfondo-scuro3.jpg","title-image-gallery":"My Effe","text-image-gallery":"Recevez des conseils personnalis\u00e9s sur votre style de vie pour am\u00e9liorer votre bien-\u00eatre. D\u00e9couvrez le monde Perfect Wellness.  T\u00e9l\u00e9chargez l\u2019application.","video":"","activate_on_mobile":false,"seleziona_tipo_link":"Link Interno","product_page_related":[{"ID":32011,"post_author":"3","post_date":"2023-10-24 10:06:31","post_date_gmt":"2023-10-24 08:06:31","post_content":"","post_title":"My Effe","post_excerpt":"","post_status":"publish","comment_status":"closed","ping_status":"closed","post_password":"","post_name":"my-effe","to_ping":"","pinged":"","post_modified":"2023-10-26 17:01:07","post_modified_gmt":"2023-10-26 15:01:07","post_content_filtered":"","post_parent":0,"guid":"https:\/\/www.effe.it\/my-effe\/","menu_order":0,"post_type":"page","post_mime_type":"","comment_count":"0","filter":"raw"}],"url_link_":"https:\/\/www.effe.it\/fr\/assistance\/centres-de-service\/"},{"image-slider-gallery":"https:\/\/static.effe.it\/website\/2022\/06\/16169-Effe-Cabanon-Cesena-1-scaled.jpg","title-image-gallery":"Cabanon","text-image-gallery":"Discover the new outdoor sauna, Cabanon by Rodolfo Dordoni e Michele Angelini","video":"","activate_on_mobile":true,"seleziona_tipo_link":"Link Interno","product_page_related":[{"ID":27894,"post_author":"12708","post_date":"2022-06-06 17:40:46","post_date_gmt":"2022-06-06 15:40:46","post_content":"<!-- wp:paragraph -->\n<p>L\u2019impact visuel du projet est caract\u00e9ris\u00e9 par un bardage ext\u00e9rieur ondul\u00e9 en aluminium laqu\u00e9, disponible en 3 couleurs finition mate, con\u00e7u pour obtenir un effet raffin\u00e9 et en quelque sorte mim\u00e9tique, discret, respectueux de l\u2019environnement o\u00f9 sera plac\u00e9 le sauna. Cet \u00e9l\u00e9ment permet de placer Cabanon un peu partout, en le rendant parfaitement adaptable \u00e0 tout contexte, du plus nordique au plus m\u00e9diterran\u00e9en, en passant par les villes de toutes les latitudes.<\/p>\n<!-- \/wp:paragraph -->","post_title":"Cabanon","post_excerpt":"","post_status":"publish","comment_status":"closed","ping_status":"closed","post_password":"","post_name":"cabanon","to_ping":"","pinged":"","post_modified":"2026-04-29 16:48:28","post_modified_gmt":"2026-04-29 14:48:28","post_content_filtered":"","post_parent":0,"guid":"https:\/\/www.effe.it\/prodotto\/cabanon\/","menu_order":0,"post_type":"prodotto","post_mime_type":"","comment_count":"0","filter":"raw"}],"url_link_":"https:\/\/www.effe.it\/fr\/assistance\/centres-de-service\/"},{"image-slider-gallery":false,"title-image-gallery":"Cabanon","text-image-gallery":"Discover the new outdoor sauna, Cabanon by Rodolfo Dordoni e Michele Angelini","video":"717867846","activate_on_mobile":true,"seleziona_tipo_link":"Link Esterno","product_page_related":[{"ID":9533,"post_author":"12708","post_date":"2021-07-29 12:19:13","post_date_gmt":"2021-07-29 10:19:13","post_content":"L'\u00e9l\u00e9ment distinctif du syst\u00e8me Yoku Spa est repr\u00e9sent\u00e9 par les grandes cloisons vitr\u00e9es \u00e9cart\u00e9es de la fa\u00e7ade avant en verre bronze fum\u00e9 et par les \u00e9l\u00e9ments architecturaux verticaux en bois naturel qui sugg\u00e8rent une immersion dans une for\u00eat d'arbres, cr\u00e9ant ainsi une \u00e9l\u00e9gante sensation d'intimit\u00e9 pendant le bain de chaleur.\n\u00c0 l'int\u00e9rieur, le confort est assur\u00e9 par la double banquette de m\u00eame taille du sauna et par le si\u00e8ge unique, tr\u00e8s profond, du hammam. Le module de la biblioth\u00e8que peut \u00e9galement \u00eatre utilis\u00e9 comme \u00e9l\u00e9ment ext\u00e9rieur \u00e0 placer \u00e0 c\u00f4t\u00e9 des cloisons vitr\u00e9es, cr\u00e9ant ainsi un filtre utile pour la cr\u00e9ation d'espaces intimes et hautement personnalisables.","post_title":"Yoku Spa","post_excerpt":"","post_status":"publish","comment_status":"closed","ping_status":"closed","post_password":"","post_name":"yoku-spa","to_ping":"","pinged":"","post_modified":"2026-04-30 10:27:04","post_modified_gmt":"2026-04-30 08:27:04","post_content_filtered":"","post_parent":0,"guid":"https:\/\/www.effe.it\/blog\/prodotto\/yoku-spa\/","menu_order":0,"post_type":"prodotto","post_mime_type":"","comment_count":"0","filter":"raw"}],"url_link_":"https:\/\/www.effe.it\/fr\/assistance\/centres-de-service\/"},{"image-slider-gallery":"https:\/\/static.effe.it\/website\/2021\/07\/yoku-spa_4-scaled.jpg","title-image-gallery":"Yoku Spa","text-image-gallery":"D\u00e9couvrez la collection Yoku et ses formes qui s\u2019inspirent d\u2019une branche particuli\u00e8re de la m\u00e9decine japonaise","video":"","activate_on_mobile":false,"seleziona_tipo_link":"Link Interno","product_page_related":[{"ID":9533,"post_author":"12708","post_date":"2021-07-29 12:19:13","post_date_gmt":"2021-07-29 10:19:13","post_content":"L'\u00e9l\u00e9ment distinctif du syst\u00e8me Yoku Spa est repr\u00e9sent\u00e9 par les grandes cloisons vitr\u00e9es \u00e9cart\u00e9es de la fa\u00e7ade avant en verre bronze fum\u00e9 et par les \u00e9l\u00e9ments architecturaux verticaux en bois naturel qui sugg\u00e8rent une immersion dans une for\u00eat d'arbres, cr\u00e9ant ainsi une \u00e9l\u00e9gante sensation d'intimit\u00e9 pendant le bain de chaleur.\n\u00c0 l'int\u00e9rieur, le confort est assur\u00e9 par la double banquette de m\u00eame taille du sauna et par le si\u00e8ge unique, tr\u00e8s profond, du hammam. Le module de la biblioth\u00e8que peut \u00e9galement \u00eatre utilis\u00e9 comme \u00e9l\u00e9ment ext\u00e9rieur \u00e0 placer \u00e0 c\u00f4t\u00e9 des cloisons vitr\u00e9es, cr\u00e9ant ainsi un filtre utile pour la cr\u00e9ation d'espaces intimes et hautement personnalisables.","post_title":"Yoku Spa","post_excerpt":"","post_status":"publish","comment_status":"closed","ping_status":"closed","post_password":"","post_name":"yoku-spa","to_ping":"","pinged":"","post_modified":"2026-04-30 10:27:04","post_modified_gmt":"2026-04-30 08:27:04","post_content_filtered":"","post_parent":0,"guid":"https:\/\/www.effe.it\/blog\/prodotto\/yoku-spa\/","menu_order":0,"post_type":"prodotto","post_mime_type":"","comment_count":"0","filter":"raw"}],"url_link_":""},{"image-slider-gallery":"https:\/\/static.effe.it\/website\/2022\/08\/Effe-Idea.jpg","title-image-gallery":"Idea","text-image-gallery":"Discover the elegance of Italian design with the Idea sauna by Giovanna Talocci","video":"","activate_on_mobile":true,"seleziona_tipo_link":"Link Interno","product_page_related":[{"ID":9697,"post_author":"12708","post_date":"2021-07-29 11:03:03","post_date_gmt":"2021-07-29 09:03:03","post_content":"<!-- wp:paragraph -->\n<p>Le cadre ext\u00e9rieur a un intrados inclin\u00e9 qui cr\u00e9e un profil d\u2019ombre et donne de la profondeur malgr\u00e9 les dimensions limit\u00e9es. Une cloison en Hemlock \u00e0 lattes masque le po\u00eale et accueille sur le devant un porte-serviettes sur lequel est plac\u00e9 le tableau de commande. Les parois internes sont en panneaux de Hemlock lisses, sauf la paroi du fond, qui est en panneau \u00e0 lattes, \u00e9voquant les traditionnels saunas nordiques. L\u2019\u00e9clairage interne, rasant par rapport \u00e0 la paroi du fond, cr\u00e9e une atmosph\u00e8re particuli\u00e8rement accueillante.&nbsp;<\/p>\n<!-- \/wp:paragraph -->","post_title":"Idea","post_excerpt":"","post_status":"publish","comment_status":"closed","ping_status":"closed","post_password":"","post_name":"idea","to_ping":"","pinged":"","post_modified":"2026-04-30 11:26:22","post_modified_gmt":"2026-04-30 09:26:22","post_content_filtered":"","post_parent":0,"guid":"https:\/\/www.effe.it\/prodotto\/idea\/","menu_order":0,"post_type":"prodotto","post_mime_type":"","comment_count":"0","filter":"raw"}],"url_link_":""},{"image-slider-gallery":false,"title-image-gallery":"Yoku Collection","text-image-gallery":"D\u00e9couvrez la collection Yoku et ses formes qui s\u2019inspirent d\u2019une branche particuli\u00e8re de la m\u00e9decine japonaise","video":"699036779","activate_on_mobile":false,"seleziona_tipo_link":"Link Interno","product_page_related":[{"ID":15473,"post_author":"2","post_date":"2021-09-09 18:55:59","post_date_gmt":"2021-09-09 16:55:59","post_content":"","post_title":"Collection Yoku","post_excerpt":"","post_status":"publish","comment_status":"closed","ping_status":"closed","post_password":"","post_name":"collection-yoku","to_ping":"","pinged":"","post_modified":"2021-09-27 19:05:57","post_modified_gmt":"2021-09-27 17:05:57","post_content_filtered":"","post_parent":0,"guid":"https:\/\/www.effe.it\/collection-yoku\/","menu_order":0,"post_type":"page","post_mime_type":"","comment_count":"0","filter":"raw"}],"url_link_":""},{"image-slider-gallery":"https:\/\/static.effe.it\/website\/2021\/09\/slider-home-4.jpg","title-image-gallery":"BodyLove","text-image-gallery":"Rodolfo Dordoni et Michele Angelini mettent en valeur les architectures des espaces d\u00e9di\u00e9s au bien-\u00eatre Vivez pleinement la relation avec votre corps et les espaces de votre maison","video":"","activate_on_mobile":true,"seleziona_tipo_link":"Link Interno","product_page_related":[{"ID":9661,"post_author":"12708","post_date":"2021-07-29 12:19:09","post_date_gmt":"2021-07-29 10:19:09","post_content":"Personnalisez selon vos go\u00fbts votre Spa, priv\u00e9 ou public, gr\u00e2ce \u00e0 BodyLove, un syst\u00e8me modulaire qui permet l\u2019int\u00e9gration de sauna, bain turc et douche. Composants hammam de qualit\u00e9 exceptionnelle : gr\u00e8s porcelain\u00e9 Champagne ou verre \u00e0 flutes, banquettes blanches en Corian\u00ae, accessoires en Teck.\nFinitions internes \u00e0 carreler enti\u00e8rement m\u00eame avec d'autres rev\u00eatements pour des r\u00e9alisations sur mesure. Diverses possibilit\u00e9s d'orientation et de positionnement des portes d'acc\u00e8s aux deux espaces, pour des solutions personnalis\u00e9es avec la zone bien-\u00eatre. BodyLove offre un \u00e9ventail de possibilit\u00e9s de personnalisation en termes de choix et d'assortiment des mat\u00e9riaux.","post_title":"BodyLove SH","post_excerpt":"","post_status":"publish","comment_status":"closed","ping_status":"closed","post_password":"","post_name":"bodylove-sh","to_ping":"","pinged":"","post_modified":"2026-04-29 17:10:24","post_modified_gmt":"2026-04-29 15:10:24","post_content_filtered":"","post_parent":0,"guid":"https:\/\/www.effe.it\/prodotto\/bodylove-sh\/","menu_order":0,"post_type":"prodotto","post_mime_type":"","comment_count":"0","filter":"raw"}],"url_link_":""},{"image-slider-gallery":false,"title-image-gallery":"BodyLove","text-image-gallery":"Vivez pleinement la relation avec votre corps et les espaces de votre maison","video":"671868262","activate_on_mobile":true,"seleziona_tipo_link":"Link Interno","product_page_related":[{"ID":15448,"post_author":"2","post_date":"2021-09-09 18:42:21","post_date_gmt":"2021-09-09 16:42:21","post_content":"","post_title":"Collection BodyLove","post_excerpt":"","post_status":"publish","comment_status":"closed","ping_status":"closed","post_password":"","post_name":"bodylove-collection","to_ping":"","pinged":"","post_modified":"2021-09-28 14:59:48","post_modified_gmt":"2021-09-28 12:59:48","post_content_filtered":"","post_parent":0,"guid":"https:\/\/www.effe.it\/bodylove-collection\/","menu_order":0,"post_type":"page","post_mime_type":"","comment_count":"0","filter":"raw"}],"url_link_":""},{"image-slider-gallery":"https:\/\/static.effe.it\/website\/2021\/09\/slider-home-2.jpg","title-image-gallery":"Yoku","text-image-gallery":"D\u00e9couvrez la collection Yoku et ses formes qui s\u2019inspirent d\u2019une branche particuli\u00e8re de la m\u00e9decine japonaise","video":"712974041","activate_on_mobile":false,"seleziona_tipo_link":"Link Interno","product_page_related":[{"ID":9558,"post_author":"12708","post_date":"2021-07-29 12:19:09","post_date_gmt":"2021-07-29 10:19:09","post_content":"L'\u00e9l\u00e9ment distinctif de Yoku H est repr\u00e9sent\u00e9 par les grandes cloisons vitr\u00e9es \u00e9cart\u00e9es de la fa\u00e7ade avant en verre bronze fum\u00e9 et par les \u00e9l\u00e9ments architecturaux verticaux en bois naturel qui sugg\u00e8rent l\u2019immersion dans une for\u00eat d'arbres, cr\u00e9ant ainsi une \u00e9l\u00e9gante sensation d'intimit\u00e9 pendant le bain de chaleur. \u00c0 l'int\u00e9rieur, le confort est assur\u00e9 par le si\u00e8ge unique, tr\u00e8s profond et le module de la biblioth\u00e8que peut \u00e9galement \u00eatre utilis\u00e9 comme \u00e9l\u00e9ment ext\u00e9rieur \u00e0 placer \u00e0 c\u00f4t\u00e9 des cloisons vitr\u00e9es, cr\u00e9ant ainsi un filtre utile pour la cr\u00e9ation d'espaces intimes et hautement personnalisables. Le bain turc parfait s'obtient quand la densit\u00e9 de la vapeur est optimale et constante dans le temps, avec une temp\u00e9rature sup\u00e9rieure \u00e0 40 \u00b0C. Les hammams Effe ont une temp\u00e9rature et quantit\u00e9 de vapeur d\u00e9clar\u00e9e pour tous les g\u00e9n\u00e9rateurs : cela garantit une exp\u00e9rience de d\u00e9tente totale et une plus grande dur\u00e9e dans le temps.","post_title":"Yoku H","post_excerpt":"","post_status":"publish","comment_status":"closed","ping_status":"closed","post_password":"","post_name":"yoku-h","to_ping":"","pinged":"","post_modified":"2026-04-30 10:27:56","post_modified_gmt":"2026-04-30 08:27:56","post_content_filtered":"","post_parent":0,"guid":"https:\/\/www.effe.it\/blog\/prodotto\/yoku-h\/","menu_order":0,"post_type":"prodotto","post_mime_type":"","comment_count":"0","filter":"raw"}],"url_link_":""},{"image-slider-gallery":false,"title-image-gallery":"Yoku","text-image-gallery":"D\u00e9couvrez la collection prim\u00e9e, qui s\u2019inspire des atmosph\u00e8res de la nature.","video":"671868574","activate_on_mobile":false,"seleziona_tipo_link":"Link Interno","product_page_related":[{"ID":15473,"post_author":"2","post_date":"2021-09-09 18:55:59","post_date_gmt":"2021-09-09 16:55:59","post_content":"","post_title":"Collection Yoku","post_excerpt":"","post_status":"publish","comment_status":"closed","ping_status":"closed","post_password":"","post_name":"collection-yoku","to_ping":"","pinged":"","post_modified":"2021-09-27 19:05:57","post_modified_gmt":"2021-09-27 17:05:57","post_content_filtered":"","post_parent":0,"guid":"https:\/\/www.effe.it\/collection-yoku\/","menu_order":0,"post_type":"page","post_mime_type":"","comment_count":"0","filter":"raw"}],"url_link_":""}],"nome_listino":"","entrata_in_vigore_listino":"15.11.2021"},"_links":{"self":[{"href":"https:\/\/www.effe.it\/fr\/wp-json\/wp\/v2\/pages\/9847"}],"collection":[{"href":"https:\/\/www.effe.it\/fr\/wp-json\/wp\/v2\/pages"}],"about":[{"href":"https:\/\/www.effe.it\/fr\/wp-json\/wp\/v2\/types\/page"}],"author":[{"embeddable":true,"href":"https:\/\/www.effe.it\/fr\/wp-json\/wp\/v2\/users\/1"}],"replies":[{"embeddable":true,"href":"https:\/\/www.effe.it\/fr\/wp-json\/wp\/v2\/comments?post=9847"}],"version-history":[{"count":10,"href":"https:\/\/www.effe.it\/fr\/wp-json\/wp\/v2\/pages\/9847\/revisions"}],"predecessor-version":[{"id":37972,"href":"https:\/\/www.effe.it\/fr\/wp-json\/wp\/v2\/pages\/9847\/revisions\/37972"}],"wp:attachment":[{"href":"https:\/\/www.effe.it\/fr\/wp-json\/wp\/v2\/media?parent=9847"}],"wp:term":[{"taxonomy":"categoria_pagina","embeddable":true,"href":"https:\/\/www.effe.it\/fr\/wp-json\/wp\/v2\/categoria_pagina?post=9847"}],"curies":[{"name":"wp","href":"https:\/\/api.w.org\/{rel}","templated":true}]}}