{"id":37113,"date":"2025-10-29T11:59:20","date_gmt":"2025-10-29T09:59:20","guid":{"rendered":"https:\/\/www.effe.it\/le-funzioni-dei-generatori\/"},"modified":"2025-10-30T12:29:39","modified_gmt":"2025-10-30T10:29:39","slug":"les-fonctions-des-generateurs","status":"publish","type":"page","link":"https:\/\/www.effe.it\/fr\/les-fonctions-des-generateurs\/","title":{"rendered":"Les fonctions des g\u00e9n\u00e9rateurs"},"content":{"rendered":"\n<p>Une vapeur dense, pure et uniforme: voil\u00e0 comment le rituel du hammam se transforme en une exp\u00e9rience unique et inoubliable. Seul Effe est en mesure de garantir une vapeur toujours parfaite, gr\u00e2ce \u00e0 des technologies sophistiqu\u00e9es d\u00e9velopp\u00e9es en interne au fil des ann\u00e9es d'exp\u00e9rience.<\/p>\n","protected":false},"excerpt":{"rendered":"<p>Une vapeur dense, pure et uniforme: voil\u00e0 comment le rituel du hammam se transforme en une exp\u00e9rience unique et inoubliable. Seul Effe est en mesure de garantir une vapeur toujours parfaite, gr\u00e2ce \u00e0 des technologies sophistiqu\u00e9es d\u00e9velopp\u00e9es en interne au fil des ann\u00e9es d'exp\u00e9rience.<\/p>\n","protected":false},"author":3,"featured_media":18300,"parent":0,"menu_order":0,"comment_status":"closed","ping_status":"closed","template":"","meta":{"inline_featured_image":false,"footnotes":""},"categoria_pagina":[1009],"better_featured_image":{"id":18300,"alt_text":"","caption":"","description":"","media_type":"image","media_details":{"width":420,"height":285,"file":"2021\/03\/STEAM-TECHNOLOGY-EFFE.png","sizes":{"medium":{"file":"STEAM-TECHNOLOGY-EFFE-300x204.png","width":300,"height":204,"mime-type":"image\/png","source_url":"https:\/\/static.effe.it\/website\/2021\/03\/STEAM-TECHNOLOGY-EFFE-300x204.png"},"thumbnail":{"file":"STEAM-TECHNOLOGY-EFFE-150x150.png","width":150,"height":150,"mime-type":"image\/png","source_url":"https:\/\/static.effe.it\/website\/2021\/03\/STEAM-TECHNOLOGY-EFFE-150x150.png"}},"image_meta":{"aperture":"0","credit":"","camera":"","caption":"","created_timestamp":"0","copyright":"","focal_length":"0","iso":"0","shutter_speed":"0","title":"","orientation":"0","keywords":[]}},"post":2537,"source_url":"https:\/\/static.effe.it\/website\/2021\/03\/STEAM-TECHNOLOGY-EFFE.png"},"acf":{"add_custom_gallery":false,"nome_listino":"","entrata_in_vigore_listino":"15.11.2021"},"_links":{"self":[{"href":"https:\/\/www.effe.it\/fr\/wp-json\/wp\/v2\/pages\/37113"}],"collection":[{"href":"https:\/\/www.effe.it\/fr\/wp-json\/wp\/v2\/pages"}],"about":[{"href":"https:\/\/www.effe.it\/fr\/wp-json\/wp\/v2\/types\/page"}],"author":[{"embeddable":true,"href":"https:\/\/www.effe.it\/fr\/wp-json\/wp\/v2\/users\/3"}],"replies":[{"embeddable":true,"href":"https:\/\/www.effe.it\/fr\/wp-json\/wp\/v2\/comments?post=37113"}],"version-history":[{"count":3,"href":"https:\/\/www.effe.it\/fr\/wp-json\/wp\/v2\/pages\/37113\/revisions"}],"predecessor-version":[{"id":37124,"href":"https:\/\/www.effe.it\/fr\/wp-json\/wp\/v2\/pages\/37113\/revisions\/37124"}],"wp:featuredmedia":[{"embeddable":true,"href":"https:\/\/www.effe.it\/fr\/wp-json\/wp\/v2\/media\/18300"}],"wp:attachment":[{"href":"https:\/\/www.effe.it\/fr\/wp-json\/wp\/v2\/media?parent=37113"}],"wp:term":[{"taxonomy":"categoria_pagina","embeddable":true,"href":"https:\/\/www.effe.it\/fr\/wp-json\/wp\/v2\/categoria_pagina?post=37113"}],"curies":[{"name":"wp","href":"https:\/\/api.w.org\/{rel}","templated":true}]}}