{"id":9852,"date":"2021-08-31T15:49:42","date_gmt":"2021-08-31T13:49:42","guid":{"rendered":"https:\/\/www.effe.it\/home\/"},"modified":"2026-05-04T11:49:05","modified_gmt":"2026-05-04T09:49:05","slug":"home","status":"publish","type":"page","link":"https:\/\/www.effe.it\/es\/","title":{"rendered":"Home"},"content":{"rendered":"","protected":false},"excerpt":{"rendered":"","protected":false},"author":1,"featured_media":0,"parent":0,"menu_order":0,"comment_status":"closed","ping_status":"closed","template":"","meta":{"inline_featured_image":false,"footnotes":""},"categoria_pagina":[],"better_featured_image":null,"acf":{"add_custom_gallery":false,"slider_gallery_homepage":[{"image-slider-gallery":"https:\/\/static.effe.it\/website\/2026\/05\/04114045\/IMG_9925-LR-copiahp-sito.jpg","title-image-gallery":"Baluar de Patricia Urquiola","text-image-gallery":"Un refugio dedicado al bienestar y una presencia arquitect\u00f3nica \u00fanica en su clase.","video":"","activate_on_mobile":false,"seleziona_tipo_link":"Link Esterno","product_page_related":[{"ID":29987,"post_author":"12708","post_date":"2023-05-10 10:22:27","post_date_gmt":"2023-05-10 08:22:27","post_content":"<!-- wp:paragraph -->\n<p>Aladdin, la nueva sauna dise\u00f1ada por Rodolfo Dordoni en colaboraci\u00f3n con Michele Angelini, nace de la necesidad cada vez mayor de integrar espacios dedicados al bienestar personal en entornos dom\u00e9sticos.<\/p>\n<!-- \/wp:paragraph -->\n\n<!-- wp:paragraph -->\n<p>Los elementos distintivos de este producto son los espejos que cubren la parte inferior y el aluminio anodizado presente en la estufa y el marco exterior. Estas superficies de alta calidad crean un juego visual que une armoniosamente el dise\u00f1o de Aladdin con el de su entorno.&nbsp;<\/p>\n<!-- \/wp:paragraph -->\n\n<!-- wp:paragraph -->\n<p>Aladdin puede completarse con una plataforma interior con revestimiento de gres: una especie de alfombra suspendida que permite integrar esta sauna incluso en los ambientes m\u00e1s sofisticados, al tiempo que realza su ligereza.&nbsp;<\/p>\n<!-- \/wp:paragraph -->\n\n<!-- wp:paragraph -->\n<p>En su interior, cuenta con asientos de madera muy confortables gracias a sus cantos suavemente redondeados y fabricados con solo dos elementos constructivos.<\/p>\n<!-- \/wp:paragraph -->\n\n<!-- wp:paragraph -->\n<p>La estufa, elemento neur\u00e1lgico de toda sauna, est\u00e1 revestida con una cubierta de aluminio anodizado, material que volvemos a encontrar en el marco exterior alrededor de la parte frontal.<\/p>\n<!-- \/wp:paragraph -->","post_title":"Aladdin","post_excerpt":"","post_status":"publish","comment_status":"closed","ping_status":"closed","post_password":"","post_name":"aladdin","to_ping":"","pinged":"","post_modified":"2026-04-30 11:00:30","post_modified_gmt":"2026-04-30 09:00:30","post_content_filtered":"","post_parent":0,"guid":"https:\/\/www.effe.it\/prodotto\/aladdin\/","menu_order":0,"post_type":"prodotto","post_mime_type":"","comment_count":"0","filter":"raw"}],"url_link_":"https:\/\/www.effe.it\/en\/?p=37713"},{"image-slider-gallery":"https:\/\/static.effe.it\/website\/2023\/10\/Aladdin-homepage.jpg","title-image-gallery":"Aladdin Sauna","text-image-gallery":"M\u00e1gica y voladora, Aladdin se inspira en la idea de ligereza. Design: Rodolfo Dordoni & Michele Angelini","video":"","activate_on_mobile":true,"seleziona_tipo_link":"Link Interno","product_page_related":[{"ID":29987,"post_author":"12708","post_date":"2023-05-10 10:22:27","post_date_gmt":"2023-05-10 08:22:27","post_content":"<!-- wp:paragraph -->\n<p>Aladdin, la nueva sauna dise\u00f1ada por Rodolfo Dordoni en colaboraci\u00f3n con Michele Angelini, nace de la necesidad cada vez mayor de integrar espacios dedicados al bienestar personal en entornos dom\u00e9sticos.<\/p>\n<!-- \/wp:paragraph -->\n\n<!-- wp:paragraph -->\n<p>Los elementos distintivos de este producto son los espejos que cubren la parte inferior y el aluminio anodizado presente en la estufa y el marco exterior. Estas superficies de alta calidad crean un juego visual que une armoniosamente el dise\u00f1o de Aladdin con el de su entorno.&nbsp;<\/p>\n<!-- \/wp:paragraph -->\n\n<!-- wp:paragraph -->\n<p>Aladdin puede completarse con una plataforma interior con revestimiento de gres: una especie de alfombra suspendida que permite integrar esta sauna incluso en los ambientes m\u00e1s sofisticados, al tiempo que realza su ligereza.&nbsp;<\/p>\n<!-- \/wp:paragraph -->\n\n<!-- wp:paragraph -->\n<p>En su interior, cuenta con asientos de madera muy confortables gracias a sus cantos suavemente redondeados y fabricados con solo dos elementos constructivos.<\/p>\n<!-- \/wp:paragraph -->\n\n<!-- wp:paragraph -->\n<p>La estufa, elemento neur\u00e1lgico de toda sauna, est\u00e1 revestida con una cubierta de aluminio anodizado, material que volvemos a encontrar en el marco exterior alrededor de la parte frontal.<\/p>\n<!-- \/wp:paragraph -->","post_title":"Aladdin","post_excerpt":"","post_status":"publish","comment_status":"closed","ping_status":"closed","post_password":"","post_name":"aladdin","to_ping":"","pinged":"","post_modified":"2026-04-30 11:00:30","post_modified_gmt":"2026-04-30 09:00:30","post_content_filtered":"","post_parent":0,"guid":"https:\/\/www.effe.it\/prodotto\/aladdin\/","menu_order":0,"post_type":"prodotto","post_mime_type":"","comment_count":"0","filter":"raw"}],"url_link_":"https:\/\/www.effe.it\/en\/assistenza\/centri-assistenza\/"},{"image-slider-gallery":"https:\/\/static.effe.it\/website\/2023\/05\/effe-sdm-2023-08857-1.jpg","title-image-gallery":"Natural Hammam","text-image-gallery":"Dimensiones compactas  y dise\u00f1o \u00fanico","video":"","activate_on_mobile":false,"seleziona_tipo_link":"Link Interno","product_page_related":[{"ID":29971,"post_author":"12708","post_date":"2023-05-10 11:41:39","post_date_gmt":"2023-05-10 09:41:39","post_content":"<!-- wp:paragraph -->\n<p>En la serie Natural, la pared de vidrio lateral con acabado satinado se ha dise\u00f1ado para reflejar la luz de la cromoterapia, con lo que se consigue un efecto crom\u00e1tico envolvente y una experiencia sensorial completa.&nbsp;Gracias a las amplias superficies transparentes, se consigue una relaci\u00f3n entre interior y exterior que elimina toda sensaci\u00f3n de espacio cerrado.<\/p>\n<!-- \/wp:paragraph -->\n\n<!-- wp:paragraph -->\n<p>El hammam Natural es todo un compendio de tecnolog\u00eda, gracias tambi\u00e9n al uso de Nuvola: sencillez y fiabilidad al servicio de tu bienestar. Para completar la experiencia, incorpora una ducha con alcachofa de 25 cm y un pr\u00e1ctico tel\u00e9fono de ducha, disponibles en tres acabados diferentes: cromo, negro mate y negro p\u00f3lvora mate PVD.<\/p>\n<!-- \/wp:paragraph -->","post_title":"Natural H","post_excerpt":"","post_status":"publish","comment_status":"closed","ping_status":"closed","post_password":"","post_name":"natural-h","to_ping":"","pinged":"","post_modified":"2026-04-30 10:54:55","post_modified_gmt":"2026-04-30 08:54:55","post_content_filtered":"","post_parent":0,"guid":"https:\/\/www.effe.it\/prodotto\/natural-h\/","menu_order":0,"post_type":"prodotto","post_mime_type":"","comment_count":"0","filter":"raw"}],"url_link_":"https:\/\/www.effe.it\/en\/assistenza\/centri-assistenza\/"},{"image-slider-gallery":"https:\/\/static.effe.it\/website\/2023\/10\/screen-App-sfondo-scuro3.jpg","title-image-gallery":"My Effe","text-image-gallery":"Recibe consejos personalizados sobre tu estilo de vida que te ayudar\u00e1n a mejorar tu bienestar. Descubre el mundo Perfect Wellness. Descarga la app.","video":"","activate_on_mobile":false,"seleziona_tipo_link":"Link Interno","product_page_related":[{"ID":32013,"post_author":"3","post_date":"2023-10-24 10:06:31","post_date_gmt":"2023-10-24 08:06:31","post_content":"","post_title":"My Effe","post_excerpt":"","post_status":"publish","comment_status":"closed","ping_status":"closed","post_password":"","post_name":"my-effe","to_ping":"","pinged":"","post_modified":"2023-10-26 17:01:28","post_modified_gmt":"2023-10-26 15:01:28","post_content_filtered":"","post_parent":0,"guid":"https:\/\/www.effe.it\/my-effe\/","menu_order":0,"post_type":"page","post_mime_type":"","comment_count":"0","filter":"raw"}],"url_link_":"https:\/\/www.effe.it\/en\/assistenza\/centri-assistenza\/"},{"image-slider-gallery":"https:\/\/static.effe.it\/website\/2022\/06\/16169-Effe-Cabanon-Cesena-1-scaled.jpg","title-image-gallery":"Cabanon","text-image-gallery":"Discover the new outdoor sauna, Cabanon by Rodolfo Dordoni e Michele Angelini","video":"","activate_on_mobile":true,"seleziona_tipo_link":"Link Interno","product_page_related":[{"ID":28514,"post_author":"12708","post_date":"2022-06-06 17:40:46","post_date_gmt":"2022-06-06 15:40:46","post_content":"<!-- wp:paragraph -->\n<p>El impacto visual del proyecto se caracteriza por las paredes externas en aluminio ondulado y pintado, disponible en 3 colores con acabado mate, estudiados para ofrecer un efecto refinado y en cierta manera mim\u00e9tico, no exagerado, respetuoso con el entorno en el que se colocar\u00e1 la sauna. Este elemento consigue que la ubicaci\u00f3n potencial de Cabanon sea completamente transversal, que se pueda combinar perfectamente con cualquier contexto, desde el m\u00e1s n\u00f3rdico al m\u00e1s mediterr\u00e1neo, pasando por las ciudades de cualquier latitud.<\/p>\n<!-- \/wp:paragraph -->","post_title":"Cabanon","post_excerpt":"","post_status":"publish","comment_status":"closed","ping_status":"closed","post_password":"","post_name":"cabanon","to_ping":"","pinged":"","post_modified":"2026-04-29 16:50:20","post_modified_gmt":"2026-04-29 14:50:20","post_content_filtered":"","post_parent":0,"guid":"https:\/\/www.effe.it\/prodotto\/cabanon\/","menu_order":0,"post_type":"prodotto","post_mime_type":"","comment_count":"0","filter":"raw"}],"url_link_":"https:\/\/www.effe.it\/en\/assistenza\/centri-assistenza\/"},{"image-slider-gallery":false,"title-image-gallery":"Cabanon","text-image-gallery":"Discover the new outdoor sauna, Cabanon by Rodolfo Dordoni e Michele Angelini","video":"717867846","activate_on_mobile":true,"seleziona_tipo_link":"Link Esterno","product_page_related":[{"ID":9535,"post_author":"12708","post_date":"2021-07-29 12:19:13","post_date_gmt":"2021-07-29 10:19:13","post_content":"El elemento diferencial del sistema Yoku Spa est\u00e1 representado por las grandes paredes de vidrio alejadas de la perspectiva frontal en vidrio ahumado bronce y por los elementos arquitect\u00f3nicos verticales de madera natural que sugieren la inmersi\u00f3n en un bosque de \u00e1rboles, creando una elegante sensaci\u00f3n de intimidad durante el ba\u00f1o de calor.\nEn el interior la comodidad se ve reforzada con el doble banco de igual tama\u00f1o que la sauna y con el asiento \u00fanico, muy profundo, del hammam. El m\u00f3dulo librer\u00eda se puede utilizar tambi\u00e9n como elemento externo junto a las paredes de vidrio creando un filtro \u00fatil para realizar espacios \u00edntimos y muy personalizables.","post_title":"Yoku Spa","post_excerpt":"","post_status":"publish","comment_status":"closed","ping_status":"closed","post_password":"","post_name":"yoku-spa","to_ping":"","pinged":"","post_modified":"2026-04-30 10:43:54","post_modified_gmt":"2026-04-30 08:43:54","post_content_filtered":"","post_parent":0,"guid":"https:\/\/www.effe.it\/blog\/prodotto\/yoku-spa\/","menu_order":0,"post_type":"prodotto","post_mime_type":"","comment_count":"0","filter":"raw"}],"url_link_":"https:\/\/www.effe.it\/en\/assistenza\/centri-assistenza\/"},{"image-slider-gallery":"https:\/\/static.effe.it\/website\/2021\/07\/yoku-spa_4-scaled.jpg","title-image-gallery":"Yoku Spa","text-image-gallery":"Descubre la colecci\u00f3n Yoku y sus formas inspiradas en una particular rama de la medicina japonesa","video":"","activate_on_mobile":false,"seleziona_tipo_link":"Link Interno","product_page_related":[{"ID":9535,"post_author":"12708","post_date":"2021-07-29 12:19:13","post_date_gmt":"2021-07-29 10:19:13","post_content":"El elemento diferencial del sistema Yoku Spa est\u00e1 representado por las grandes paredes de vidrio alejadas de la perspectiva frontal en vidrio ahumado bronce y por los elementos arquitect\u00f3nicos verticales de madera natural que sugieren la inmersi\u00f3n en un bosque de \u00e1rboles, creando una elegante sensaci\u00f3n de intimidad durante el ba\u00f1o de calor.\nEn el interior la comodidad se ve reforzada con el doble banco de igual tama\u00f1o que la sauna y con el asiento \u00fanico, muy profundo, del hammam. El m\u00f3dulo librer\u00eda se puede utilizar tambi\u00e9n como elemento externo junto a las paredes de vidrio creando un filtro \u00fatil para realizar espacios \u00edntimos y muy personalizables.","post_title":"Yoku Spa","post_excerpt":"","post_status":"publish","comment_status":"closed","ping_status":"closed","post_password":"","post_name":"yoku-spa","to_ping":"","pinged":"","post_modified":"2026-04-30 10:43:54","post_modified_gmt":"2026-04-30 08:43:54","post_content_filtered":"","post_parent":0,"guid":"https:\/\/www.effe.it\/blog\/prodotto\/yoku-spa\/","menu_order":0,"post_type":"prodotto","post_mime_type":"","comment_count":"0","filter":"raw"}],"url_link_":""},{"image-slider-gallery":"https:\/\/static.effe.it\/website\/2022\/08\/Effe-Idea.jpg","title-image-gallery":"Idea","text-image-gallery":"Discover the elegance of Italian design with the Idea sauna by Giovanna Talocci","video":"","activate_on_mobile":true,"seleziona_tipo_link":"Link Interno","product_page_related":[{"ID":9699,"post_author":"12708","post_date":"2021-07-29 11:03:03","post_date_gmt":"2021-07-29 09:03:03","post_content":"<!-- wp:paragraph -->\n<p>El marco externo tiene una forma inclinada que crea un perfil de sombra y aporta profundidad a pesar de su tama\u00f1o reducido. Una peque\u00f1a pared de tablas de Hemlock esconde la estufa y acoge, en la parte delantera, una zona toallero en la que se encuentra el panel de control. Las paredes internas son en Hemlock, con paneles lisos, menos la pared de fondo que se realiza con tablas, con una evidente referencia a la memoria de las tradicionales saunas n\u00f3rdicas. La luz interna, que roza la pared de fondo, crea una atm\u00f3sfera especialmente acogedora.&nbsp;<\/p>\n<!-- \/wp:paragraph -->","post_title":"Idea","post_excerpt":"","post_status":"publish","comment_status":"closed","ping_status":"closed","post_password":"","post_name":"idea","to_ping":"","pinged":"","post_modified":"2026-04-30 11:30:48","post_modified_gmt":"2026-04-30 09:30:48","post_content_filtered":"","post_parent":0,"guid":"https:\/\/www.effe.it\/prodotto\/idea\/","menu_order":0,"post_type":"prodotto","post_mime_type":"","comment_count":"0","filter":"raw"}],"url_link_":""},{"image-slider-gallery":false,"title-image-gallery":"Colecci\u00f3n Yoku ","text-image-gallery":"Descubre la colecci\u00f3n Yoku y sus formas inspiradas en una particular rama de la medicina japonesa","video":"699036779","activate_on_mobile":false,"seleziona_tipo_link":"Link Interno","product_page_related":[{"ID":15471,"post_author":"2","post_date":"2021-09-09 18:55:01","post_date_gmt":"2021-09-09 16:55:01","post_content":"","post_title":"Colecci\u00f3n Yoku","post_excerpt":"","post_status":"publish","comment_status":"closed","ping_status":"closed","post_password":"","post_name":"coleccion-yoku","to_ping":"","pinged":"","post_modified":"2021-09-27 19:31:58","post_modified_gmt":"2021-09-27 17:31:58","post_content_filtered":"","post_parent":0,"guid":"https:\/\/www.effe.it\/coleccion-yoku\/","menu_order":0,"post_type":"page","post_mime_type":"","comment_count":"0","filter":"raw"}],"url_link_":""},{"image-slider-gallery":"https:\/\/static.effe.it\/website\/2021\/09\/slider-home-4.jpg","title-image-gallery":"BodyLove","text-image-gallery":"Rodolfo Dordoni y Michele Angelini realzan la arquitectura de espacios dedicados al bienestar. Vive plenamente la relaci\u00f3n con tu cuerpo y con los espacios de la casa","video":"","activate_on_mobile":true,"seleziona_tipo_link":"Link Interno","product_page_related":[{"ID":9663,"post_author":"12708","post_date":"2021-07-29 12:19:09","post_date_gmt":"2021-07-29 10:19:09","post_content":"Personaliza como quieras tu Spa, privado o p\u00fablico, gracias a BodyLove, un sistema de composici\u00f3n modular que permite la integraci\u00f3n de sauna, ba\u00f1o turco y ducha. Componentes hammam de gran calidad: gres porcel\u00e1nico Champagne o bien vidrio ondulado, bancos blancos en Corian\u00ae y accesorios en Teca.\nAcabados internos completamente embaldosables tambi\u00e9n con otros revestimientos para proyectos a medida. Diversas posibilidades de orientaci\u00f3n y posicionamiento de las puertas de acceso a los dos espacios, para soluciones personalizadas con el \u00e1rea bienestar. BodyLove ofrece muchas posibilidades de personalizaci\u00f3n en t\u00e9rminos de selecci\u00f3n y combinaci\u00f3n de los materiales.","post_title":"BodyLove SH","post_excerpt":"","post_status":"publish","comment_status":"closed","ping_status":"closed","post_password":"","post_name":"bodylove-sh","to_ping":"","pinged":"","post_modified":"2026-04-29 17:17:12","post_modified_gmt":"2026-04-29 15:17:12","post_content_filtered":"","post_parent":0,"guid":"https:\/\/www.effe.it\/prodotto\/bodylove-sh\/","menu_order":0,"post_type":"prodotto","post_mime_type":"","comment_count":"0","filter":"raw"}],"url_link_":""},{"image-slider-gallery":false,"title-image-gallery":"BodyLove","text-image-gallery":"Descubre la colecci\u00f3n Yoku y sus formas inspiradas en una particular rama de la medicina japonesa","video":"671868262","activate_on_mobile":true,"seleziona_tipo_link":"Link Interno","product_page_related":[{"ID":15446,"post_author":"2","post_date":"2021-09-09 18:41:19","post_date_gmt":"2021-09-09 16:41:19","post_content":"","post_title":"Colecci\u00f3n Bodylove","post_excerpt":"","post_status":"publish","comment_status":"closed","ping_status":"closed","post_password":"","post_name":"bodylove-collection","to_ping":"","pinged":"","post_modified":"2021-09-27 19:31:33","post_modified_gmt":"2021-09-27 17:31:33","post_content_filtered":"","post_parent":0,"guid":"https:\/\/www.effe.it\/bodylove-collection\/","menu_order":0,"post_type":"page","post_mime_type":"","comment_count":"0","filter":"raw"}],"url_link_":""},{"image-slider-gallery":"https:\/\/static.effe.it\/website\/2021\/09\/slider-home-3.jpg","title-image-gallery":"BodyLove ","text-image-gallery":"Vive plenamente la relaci\u00f3n con tu cuerpo y con los espacios de la casa","video":"712974041","activate_on_mobile":true,"seleziona_tipo_link":"Link Interno","product_page_related":[{"ID":9694,"post_author":"12708","post_date":"2021-07-29 11:03:03","post_date_gmt":"2021-07-29 09:03:03","post_content":"<!-- wp:paragraph -->\n<p>Se trata de una sauna de dise\u00f1o \u00fanico, capaz de regalar al ambiente una fuerte personalidad y una gran elegancia. La estufa de la sauna de BodyLove est\u00e1 revestida con cer\u00e1mica esmaltada, con colores \u00fanicos, un material de valor que destaca la suave belleza de la madera. La fuente de calor, elemento de importancia central en la tradici\u00f3n de la sauna finlandesa, ocupa de nuevo un papel de primer nivel incluso en la est\u00e9tica. Las paredes se proponen en dos esencias de madera distintas: Hemlock natural y madera maciza tratada t\u00e9rmicamente, con la posibilidad de introducir por encargo superficies en espejo.&nbsp;BodyLove incluye paneles externos que enfatizan el tama\u00f1o dom\u00e9stico del sistema, dise\u00f1ado para formar parte del mobiliario.&nbsp;Como todos los productos Effe, BodyLove ofrece muchas posibilidades de personalizaci\u00f3n en t\u00e9rminos de selecci\u00f3n y combinaci\u00f3n de los materiales para crear un espacio de bienestar realmente a medida.<\/p>\n<!-- \/wp:paragraph -->","post_title":"BodyLove S","post_excerpt":"","post_status":"publish","comment_status":"closed","ping_status":"closed","post_password":"","post_name":"bodylove-s","to_ping":"","pinged":"","post_modified":"2026-04-29 17:17:44","post_modified_gmt":"2026-04-29 15:17:44","post_content_filtered":"","post_parent":0,"guid":"https:\/\/www.effe.it\/prodotto\/bodylove-s\/","menu_order":0,"post_type":"prodotto","post_mime_type":"","comment_count":"0","filter":"raw"}],"url_link_":""},{"image-slider-gallery":"https:\/\/static.effe.it\/website\/2021\/09\/slider-home-2.jpg","title-image-gallery":"Ba\u00f1o de bosque","text-image-gallery":"Descubre la colecci\u00f3n Yoku y sus formas inspiradas en una particular rama de la medicina japonesa","video":"671868574","activate_on_mobile":true,"seleziona_tipo_link":"Link Interno","product_page_related":[{"ID":15471,"post_author":"2","post_date":"2021-09-09 18:55:01","post_date_gmt":"2021-09-09 16:55:01","post_content":"","post_title":"Colecci\u00f3n Yoku","post_excerpt":"","post_status":"publish","comment_status":"closed","ping_status":"closed","post_password":"","post_name":"coleccion-yoku","to_ping":"","pinged":"","post_modified":"2021-09-27 19:31:58","post_modified_gmt":"2021-09-27 17:31:58","post_content_filtered":"","post_parent":0,"guid":"https:\/\/www.effe.it\/coleccion-yoku\/","menu_order":0,"post_type":"page","post_mime_type":"","comment_count":"0","filter":"raw"}],"url_link_":""},{"image-slider-gallery":false,"title-image-gallery":"Yoku S","text-image-gallery":"Descubre la colecci\u00f3n pluripremiada que se inspira en las atm\u00f3sferas de la naturaleza","video":"671868574","activate_on_mobile":true,"seleziona_tipo_link":"Link Interno","product_page_related":[{"ID":15471,"post_author":"2","post_date":"2021-09-09 18:55:01","post_date_gmt":"2021-09-09 16:55:01","post_content":"","post_title":"Colecci\u00f3n Yoku","post_excerpt":"","post_status":"publish","comment_status":"closed","ping_status":"closed","post_password":"","post_name":"coleccion-yoku","to_ping":"","pinged":"","post_modified":"2021-09-27 19:31:58","post_modified_gmt":"2021-09-27 17:31:58","post_content_filtered":"","post_parent":0,"guid":"https:\/\/www.effe.it\/coleccion-yoku\/","menu_order":0,"post_type":"page","post_mime_type":"","comment_count":"0","filter":"raw"}],"url_link_":""},{"image-slider-gallery":"https:\/\/static.effe.it\/website\/2021\/09\/slider-home-5.jpg","title-image-gallery":"Yoku","text-image-gallery":"Descubre la colecci\u00f3n pluripremiada que se inspira en las atm\u00f3sferas de la naturaleza","video":"","activate_on_mobile":false,"seleziona_tipo_link":"Link Interno","product_page_related":[{"ID":15471,"post_author":"2","post_date":"2021-09-09 18:55:01","post_date_gmt":"2021-09-09 16:55:01","post_content":"","post_title":"Colecci\u00f3n Yoku","post_excerpt":"","post_status":"publish","comment_status":"closed","ping_status":"closed","post_password":"","post_name":"coleccion-yoku","to_ping":"","pinged":"","post_modified":"2021-09-27 19:31:58","post_modified_gmt":"2021-09-27 17:31:58","post_content_filtered":"","post_parent":0,"guid":"https:\/\/www.effe.it\/coleccion-yoku\/","menu_order":0,"post_type":"page","post_mime_type":"","comment_count":"0","filter":"raw"}],"url_link_":""}],"nome_listino":"","entrata_in_vigore_listino":"15.11.2021"},"_links":{"self":[{"href":"https:\/\/www.effe.it\/es\/wp-json\/wp\/v2\/pages\/9852"}],"collection":[{"href":"https:\/\/www.effe.it\/es\/wp-json\/wp\/v2\/pages"}],"about":[{"href":"https:\/\/www.effe.it\/es\/wp-json\/wp\/v2\/types\/page"}],"author":[{"embeddable":true,"href":"https:\/\/www.effe.it\/es\/wp-json\/wp\/v2\/users\/1"}],"replies":[{"embeddable":true,"href":"https:\/\/www.effe.it\/es\/wp-json\/wp\/v2\/comments?post=9852"}],"version-history":[{"count":10,"href":"https:\/\/www.effe.it\/es\/wp-json\/wp\/v2\/pages\/9852\/revisions"}],"predecessor-version":[{"id":37974,"href":"https:\/\/www.effe.it\/es\/wp-json\/wp\/v2\/pages\/9852\/revisions\/37974"}],"wp:attachment":[{"href":"https:\/\/www.effe.it\/es\/wp-json\/wp\/v2\/media?parent=9852"}],"wp:term":[{"taxonomy":"categoria_pagina","embeddable":true,"href":"https:\/\/www.effe.it\/es\/wp-json\/wp\/v2\/categoria_pagina?post=9852"}],"curies":[{"name":"wp","href":"https:\/\/api.w.org\/{rel}","templated":true}]}}