{"id":37115,"date":"2025-10-29T11:59:20","date_gmt":"2025-10-29T09:59:20","guid":{"rendered":"https:\/\/www.effe.it\/le-funzioni-dei-generatori\/"},"modified":"2025-10-30T13:08:16","modified_gmt":"2025-10-30T11:08:16","slug":"las-funciones-de-los-generadores","status":"publish","type":"page","link":"https:\/\/www.effe.it\/es\/las-funciones-de-los-generadores\/","title":{"rendered":"Las funciones de los generadores"},"content":{"rendered":"\n<p>Vapor denso, puro y uniforme en el calor: as\u00ed es como el ritual del hammam se convierte en una experiencia \u00fanica e inolvidable. Solo Effe puede garantizar un vapor perfecto a lo largo del tiempo, gracias a sofisticadas tecnolog\u00edas desarrolladas internamente tras a\u00f1os de experiencia.<\/p>\n","protected":false},"excerpt":{"rendered":"<p>Vapor denso, puro y uniforme en el calor: as\u00ed es como el ritual del hammam se convierte en una experiencia \u00fanica e inolvidable. Solo Effe puede garantizar un vapor perfecto a lo largo del tiempo, gracias a sofisticadas tecnolog\u00edas desarrolladas internamente tras a\u00f1os de experiencia.<\/p>\n","protected":false},"author":3,"featured_media":16743,"parent":0,"menu_order":0,"comment_status":"closed","ping_status":"closed","template":"","meta":{"inline_featured_image":false,"footnotes":""},"categoria_pagina":[1009],"better_featured_image":{"id":16743,"alt_text":"","caption":"","description":"","media_type":"image","media_details":{"width":420,"height":285,"file":"2021\/03\/STEAM-TECHNOLOGY-EFFE.png","sizes":{"medium":{"file":"STEAM-TECHNOLOGY-EFFE-300x204.png","width":300,"height":204,"mime-type":"image\/png","source_url":"https:\/\/static.effe.it\/website\/2021\/03\/STEAM-TECHNOLOGY-EFFE-300x204.png"},"thumbnail":{"file":"STEAM-TECHNOLOGY-EFFE-150x150.png","width":150,"height":150,"mime-type":"image\/png","source_url":"https:\/\/static.effe.it\/website\/2021\/03\/STEAM-TECHNOLOGY-EFFE-150x150.png"}},"image_meta":{"aperture":"0","credit":"","camera":"","caption":"","created_timestamp":"0","copyright":"","focal_length":"0","iso":"0","shutter_speed":"0","title":"","orientation":"0","keywords":[]}},"post":16718,"source_url":"https:\/\/static.effe.it\/website\/2021\/03\/STEAM-TECHNOLOGY-EFFE.png"},"acf":{"add_custom_gallery":false,"nome_listino":"","entrata_in_vigore_listino":"15.11.2021"},"_links":{"self":[{"href":"https:\/\/www.effe.it\/es\/wp-json\/wp\/v2\/pages\/37115"}],"collection":[{"href":"https:\/\/www.effe.it\/es\/wp-json\/wp\/v2\/pages"}],"about":[{"href":"https:\/\/www.effe.it\/es\/wp-json\/wp\/v2\/types\/page"}],"author":[{"embeddable":true,"href":"https:\/\/www.effe.it\/es\/wp-json\/wp\/v2\/users\/3"}],"replies":[{"embeddable":true,"href":"https:\/\/www.effe.it\/es\/wp-json\/wp\/v2\/comments?post=37115"}],"version-history":[{"count":3,"href":"https:\/\/www.effe.it\/es\/wp-json\/wp\/v2\/pages\/37115\/revisions"}],"predecessor-version":[{"id":37133,"href":"https:\/\/www.effe.it\/es\/wp-json\/wp\/v2\/pages\/37115\/revisions\/37133"}],"wp:featuredmedia":[{"embeddable":true,"href":"https:\/\/www.effe.it\/es\/wp-json\/wp\/v2\/media\/16743"}],"wp:attachment":[{"href":"https:\/\/www.effe.it\/es\/wp-json\/wp\/v2\/media?parent=37115"}],"wp:term":[{"taxonomy":"categoria_pagina","embeddable":true,"href":"https:\/\/www.effe.it\/es\/wp-json\/wp\/v2\/categoria_pagina?post=37115"}],"curies":[{"name":"wp","href":"https:\/\/api.w.org\/{rel}","templated":true}]}}