{"id":9850,"date":"2021-08-31T15:45:20","date_gmt":"2021-08-31T13:45:20","guid":{"rendered":"https:\/\/www.effe.it\/home\/"},"modified":"2026-04-13T13:05:16","modified_gmt":"2026-04-13T11:05:16","slug":"home","status":"publish","type":"page","link":"https:\/\/www.effe.it\/de\/","title":{"rendered":"Home"},"content":{"rendered":"","protected":false},"excerpt":{"rendered":"","protected":false},"author":1,"featured_media":0,"parent":0,"menu_order":0,"comment_status":"closed","ping_status":"closed","template":"","meta":{"inline_featured_image":false,"footnotes":""},"categoria_pagina":[],"better_featured_image":null,"acf":{"add_custom_gallery":false,"slider_gallery_homepage":[{"image-slider-gallery":"https:\/\/static.effe.it\/website\/2026\/04\/13124714\/Slider-Salone-2026.jpg","title-image-gallery":"Patricia Urquiola f\u00fcr Effe","text-image-gallery":"Entdecken Sie Baluar auf dem Salone del Mobile  21.-26. April 2026  Halle 22, Stand B11\/B15","video":"","activate_on_mobile":false,"seleziona_tipo_link":"Link Esterno","product_page_related":[{"ID":29986,"post_author":"12708","post_date":"2023-05-10 10:22:27","post_date_gmt":"2023-05-10 08:22:27","post_content":"<!-- wp:paragraph -->\n<p>Aladdin, die neue, von Rodolfo Dordoni und Michele Angelini entworfene Sauna beruht auf dem zunehmenden Wunsch, einen Wellnessbereich in den Wohnraum zu integrieren.<\/p>\n<!-- \/wp:paragraph -->\n\n<!-- wp:paragraph -->\n<p>Das Besondere an diesem Produkt sind die Spiegel im unteren Bereich und das eloxierte Aluminium, das den Ofen und den Au\u00dfenrahmen kleidet. Diese edlen Oberfl\u00e4chen erzeugen ein visuelles Spiel, welches das Design von Aladdin harmonisch mit dem umliegenden Raum verbindet.&nbsp;<\/p>\n<!-- \/wp:paragraph -->\n\n<!-- wp:paragraph -->\n<p>Aladdin kann mit einem Boden mit Feinsteinzeug-Verfliesung bereichert werden \u2013 eine Art \u201efliegender\u201c Teppich, der sich selbst in die modernsten Wohnr\u00e4ume einf\u00fcgt und noch mehr Leichtigkeit vermittelt.&nbsp;<\/p>\n<!-- \/wp:paragraph -->\n\n<!-- wp:paragraph -->\n<p>Die Innenausstattung wird durch die Holzbank einzigartig, die dank ihrer sanft abgerundeten Ecken sehr bequem ist und aus nur zwei Bauelementen besteht.<\/p>\n<!-- \/wp:paragraph -->\n\n<!-- wp:paragraph -->\n<p>Der Ofen, pulsierendes Element jeder Sauna, hat eine Verkleidung aus eloxiertem Aluminium, die visuell eine Verbindung zum Au\u00dfenrahmen aus dem gleichen Material bildet.<\/p>\n<!-- \/wp:paragraph -->","post_title":"Aladdin","post_excerpt":"","post_status":"publish","comment_status":"closed","ping_status":"closed","post_password":"","post_name":"aladdin","to_ping":"","pinged":"","post_modified":"2026-01-09 13:08:47","post_modified_gmt":"2026-01-09 11:08:47","post_content_filtered":"","post_parent":0,"guid":"https:\/\/www.effe.it\/prodotto\/aladdin\/","menu_order":0,"post_type":"prodotto","post_mime_type":"","comment_count":"0","filter":"raw"}],"url_link_":"https:\/\/www.effe.it\/en\/?p=37713"},{"image-slider-gallery":"https:\/\/static.effe.it\/website\/2023\/10\/Aladdin-homepage.jpg","title-image-gallery":"Aladdin","text-image-gallery":"Magisch und fliegend, die Sauna Aladdin inspiriert sich an der Idee von Leichtigkeit. Design: Rodolfo Dordoni & Michele Angelini","video":"","activate_on_mobile":true,"seleziona_tipo_link":"Link Interno","product_page_related":[{"ID":29986,"post_author":"12708","post_date":"2023-05-10 10:22:27","post_date_gmt":"2023-05-10 08:22:27","post_content":"<!-- wp:paragraph -->\n<p>Aladdin, die neue, von Rodolfo Dordoni und Michele Angelini entworfene Sauna beruht auf dem zunehmenden Wunsch, einen Wellnessbereich in den Wohnraum zu integrieren.<\/p>\n<!-- \/wp:paragraph -->\n\n<!-- wp:paragraph -->\n<p>Das Besondere an diesem Produkt sind die Spiegel im unteren Bereich und das eloxierte Aluminium, das den Ofen und den Au\u00dfenrahmen kleidet. Diese edlen Oberfl\u00e4chen erzeugen ein visuelles Spiel, welches das Design von Aladdin harmonisch mit dem umliegenden Raum verbindet.&nbsp;<\/p>\n<!-- \/wp:paragraph -->\n\n<!-- wp:paragraph -->\n<p>Aladdin kann mit einem Boden mit Feinsteinzeug-Verfliesung bereichert werden \u2013 eine Art \u201efliegender\u201c Teppich, der sich selbst in die modernsten Wohnr\u00e4ume einf\u00fcgt und noch mehr Leichtigkeit vermittelt.&nbsp;<\/p>\n<!-- \/wp:paragraph -->\n\n<!-- wp:paragraph -->\n<p>Die Innenausstattung wird durch die Holzbank einzigartig, die dank ihrer sanft abgerundeten Ecken sehr bequem ist und aus nur zwei Bauelementen besteht.<\/p>\n<!-- \/wp:paragraph -->\n\n<!-- wp:paragraph -->\n<p>Der Ofen, pulsierendes Element jeder Sauna, hat eine Verkleidung aus eloxiertem Aluminium, die visuell eine Verbindung zum Au\u00dfenrahmen aus dem gleichen Material bildet.<\/p>\n<!-- \/wp:paragraph -->","post_title":"Aladdin","post_excerpt":"","post_status":"publish","comment_status":"closed","ping_status":"closed","post_password":"","post_name":"aladdin","to_ping":"","pinged":"","post_modified":"2026-01-09 13:08:47","post_modified_gmt":"2026-01-09 11:08:47","post_content_filtered":"","post_parent":0,"guid":"https:\/\/www.effe.it\/prodotto\/aladdin\/","menu_order":0,"post_type":"prodotto","post_mime_type":"","comment_count":"0","filter":"raw"}],"url_link_":"https:\/\/www.effe.it\/de\/after-sales-service\/servicezentren\/"},{"image-slider-gallery":"https:\/\/static.effe.it\/website\/2023\/05\/effe-sdm-2023-08857-1.jpg","title-image-gallery":"Natural Hammam","text-image-gallery":"Kompakte Abmessungen und Einzigartiges Design","video":"","activate_on_mobile":false,"seleziona_tipo_link":"Link Interno","product_page_related":[{"ID":29970,"post_author":"3","post_date":"2023-05-10 11:41:39","post_date_gmt":"2023-05-10 09:41:39","post_content":"<!-- wp:paragraph -->\n<p>Die satinierte Seitenverglasung der Serie Natural reflektiert das Licht der Farblichttherapie und erzeugt so einen immersiven Farbeffekt und ein Erlebnis, das alle Sinne anspricht. Die gro\u00dffl\u00e4chige Transparenz vermittelt eine Beziehung zwischen Innen und Au\u00dfen und eliminiert jedes Gef\u00fchl von Enge.<\/p>\n<!-- \/wp:paragraph -->\n\n<!-- wp:paragraph -->\n<p>Natural Hamam ist ein Konzentrat modernster Technologie dank Nuvola: Einfachheit und Zuverl\u00e4ssigkeit im Dienst Ihres Wohlbefindens. Vervollst\u00e4ndigt wird das Erlebnis durch eine Dusche mit einer 25&nbsp;cm gro\u00dfen Deckenbrause und einer praktischen Handbrause, die in drei verschiedenen Ausf\u00fchrungen erh\u00e4ltlich sind: Verchromt, Matt Black und Matt Gun PVD.<\/p>\n<!-- \/wp:paragraph -->","post_title":"Natural H","post_excerpt":"","post_status":"publish","comment_status":"closed","ping_status":"closed","post_password":"","post_name":"natural-h","to_ping":"","pinged":"","post_modified":"2025-04-07 12:44:56","post_modified_gmt":"2025-04-07 10:44:56","post_content_filtered":"","post_parent":0,"guid":"https:\/\/www.effe.it\/prodotto\/natural-h\/","menu_order":0,"post_type":"prodotto","post_mime_type":"","comment_count":"0","filter":"raw"}],"url_link_":"https:\/\/www.effe.it\/de\/after-sales-service\/servicezentren\/"},{"image-slider-gallery":"https:\/\/static.effe.it\/website\/2023\/10\/screen-App-sfondo-scuro3.jpg","title-image-gallery":"My Effe","text-image-gallery":"Ricevi consigli personalizzati sul tuo lifestyle per migliorare la tua salute, scopri il mondo Perfect Wellness. Scarica l\u2019app My Effe.","video":"Sie erhalten individuelle Tipps zu Ihrem Lifestyle, um Ihr Wohlbefinden zu verbessern. Entdecken Sie die Welt von Perfect Wellness. Zum Download.","activate_on_mobile":false,"seleziona_tipo_link":"Link Interno","product_page_related":[{"ID":32015,"post_author":"3","post_date":"2023-10-24 10:06:31","post_date_gmt":"2023-10-24 08:06:31","post_content":"","post_title":"My Effe","post_excerpt":"","post_status":"publish","comment_status":"closed","ping_status":"closed","post_password":"","post_name":"my-effe","to_ping":"","pinged":"","post_modified":"2023-10-26 17:05:33","post_modified_gmt":"2023-10-26 15:05:33","post_content_filtered":"","post_parent":0,"guid":"https:\/\/www.effe.it\/my-effe\/","menu_order":0,"post_type":"page","post_mime_type":"","comment_count":"0","filter":"raw"}],"url_link_":"https:\/\/www.effe.it\/de\/after-sales-service\/servicezentren\/"},{"image-slider-gallery":"https:\/\/static.effe.it\/website\/2022\/06\/16169-Effe-Cabanon-Cesena-1-scaled.jpg","title-image-gallery":"Cabanon","text-image-gallery":"Discover the new outdoor sauna, Cabanon by Rodolfo Dordoni e Michele Angelini","video":"","activate_on_mobile":true,"seleziona_tipo_link":"Link Interno","product_page_related":[{"ID":27895,"post_author":"12708","post_date":"2022-06-06 17:40:46","post_date_gmt":"2022-06-06 15:40:46","post_content":"<!-- wp:paragraph -->\n<p>Gepr\u00e4gt wird das Projekt von seinen Au\u00dfenw\u00e4nden aus lackierten Aluminiumwellblechen, die in Mattausf\u00fchrung und drei Farben erh\u00e4ltlich sind und einen raffinierten und nicht aufdringlichen Tarneffekt erzeugen, der das Ambiente achtet. Dieses Element erm\u00f6glicht eine absolut flexible Positionierung von Cabanon, die sich in jeden Kontext einf\u00fcgt \u2013 vom hohen Norden bis zum Mittelmeer und die St\u00e4dte rund um den Globus.<\/p>\n<!-- \/wp:paragraph -->","post_title":"Cabanon","post_excerpt":"","post_status":"publish","comment_status":"closed","ping_status":"closed","post_password":"","post_name":"cabanon","to_ping":"","pinged":"","post_modified":"2026-04-29 16:49:41","post_modified_gmt":"2026-04-29 14:49:41","post_content_filtered":"","post_parent":0,"guid":"https:\/\/www.effe.it\/prodotto\/cabanon\/","menu_order":0,"post_type":"prodotto","post_mime_type":"","comment_count":"0","filter":"raw"}],"url_link_":"https:\/\/www.effe.it\/de\/after-sales-service\/servicezentren\/"},{"image-slider-gallery":false,"title-image-gallery":"Cabanon","text-image-gallery":"Discover the new outdoor sauna, Cabanon by Rodolfo Dordoni e Michele Angelini","video":"717867846","activate_on_mobile":true,"seleziona_tipo_link":"Link Esterno","product_page_related":[{"ID":9534,"post_author":"12708","post_date":"2021-07-29 12:19:13","post_date_gmt":"2021-07-29 10:19:13","post_content":"Das charakteristische Element des Yoku Spa-Systems sind die gro\u00dfen zur\u00fcckversetzten Verglasungen aus bronzefarbenem Fum\u00e9-Glas auf der Vorderseite und die vertikalen Architekturelemente aus Naturholz, die das Eintauchen in einen Wald suggerieren und w\u00e4hrend des W\u00e4rmebads ein elegantes Gef\u00fchl von Intimit\u00e4t erzeugen.\nDie Innenr\u00e4ume bieten gr\u00f6\u00dften Komfort dank der Doppelbank in der Sauna und der gleichgro\u00dfen sehr tiefen Sitzfl\u00e4che des Hamams. Das Regalmodul kann auch au\u00dfen neben den Verglasungen positioniert werden und damit als Blickschutzfilter f\u00fcr die Schaffung intimer und stark individualisierter R\u00e4ume dienen.","post_title":"Yoku Spa","post_excerpt":"","post_status":"publish","comment_status":"closed","ping_status":"closed","post_password":"","post_name":"yoku-spa","to_ping":"","pinged":"","post_modified":"2025-11-10 13:31:56","post_modified_gmt":"2025-11-10 11:31:56","post_content_filtered":"","post_parent":0,"guid":"https:\/\/www.effe.it\/blog\/prodotto\/yoku-spa\/","menu_order":0,"post_type":"prodotto","post_mime_type":"","comment_count":"0","filter":"raw"}],"url_link_":"https:\/\/www.effe.it\/de\/after-sales-service\/servicezentren\/"},{"image-slider-gallery":"https:\/\/static.effe.it\/website\/2021\/07\/yoku-spa_4-scaled.jpg","title-image-gallery":"Yoku Spa","text-image-gallery":"Entdecken Sie die Yoku-Kollektion und ihre Formen, die einem besonderen Fachgebiet der japanischen Medizin inspiriert sind.","video":"https:\/\/www.effe.it\/wp-admin\/post.php?post=9850&action=edit&lang=de&admin_bar=1#","activate_on_mobile":false,"seleziona_tipo_link":"Link Interno","product_page_related":[{"ID":9534,"post_author":"12708","post_date":"2021-07-29 12:19:13","post_date_gmt":"2021-07-29 10:19:13","post_content":"Das charakteristische Element des Yoku Spa-Systems sind die gro\u00dfen zur\u00fcckversetzten Verglasungen aus bronzefarbenem Fum\u00e9-Glas auf der Vorderseite und die vertikalen Architekturelemente aus Naturholz, die das Eintauchen in einen Wald suggerieren und w\u00e4hrend des W\u00e4rmebads ein elegantes Gef\u00fchl von Intimit\u00e4t erzeugen.\nDie Innenr\u00e4ume bieten gr\u00f6\u00dften Komfort dank der Doppelbank in der Sauna und der gleichgro\u00dfen sehr tiefen Sitzfl\u00e4che des Hamams. Das Regalmodul kann auch au\u00dfen neben den Verglasungen positioniert werden und damit als Blickschutzfilter f\u00fcr die Schaffung intimer und stark individualisierter R\u00e4ume dienen.","post_title":"Yoku Spa","post_excerpt":"","post_status":"publish","comment_status":"closed","ping_status":"closed","post_password":"","post_name":"yoku-spa","to_ping":"","pinged":"","post_modified":"2025-11-10 13:31:56","post_modified_gmt":"2025-11-10 11:31:56","post_content_filtered":"","post_parent":0,"guid":"https:\/\/www.effe.it\/blog\/prodotto\/yoku-spa\/","menu_order":0,"post_type":"prodotto","post_mime_type":"","comment_count":"0","filter":"raw"}],"url_link_":""},{"image-slider-gallery":"https:\/\/static.effe.it\/website\/2022\/08\/Effe-Idea.jpg","title-image-gallery":"Idea","text-image-gallery":"Discover the elegance of Italian design with the Idea sauna by Giovanna Talocci","video":"","activate_on_mobile":true,"seleziona_tipo_link":"Link Interno","product_page_related":[{"ID":9698,"post_author":"3","post_date":"2021-07-29 11:03:03","post_date_gmt":"2021-07-29 09:03:03","post_content":"<!-- wp:paragraph -->\n<p>Der Au\u00dfenrahmen bildet eine schr\u00e4ge Laibung, die ein Schattenprofil erzeugt und trotz ihrer geringen Ma\u00dfe Tiefe verleiht. Eine kleine Wand aus Hemlock-Latten verdeckt den Ofen und bietet auf ihrer Vorderseite einen Handtuchhalter mit dem kleinen Bedienfeld. Die Innenw\u00e4nde sind aus glatten Hemlock-Paneelen, mit Ausnahme der R\u00fcckwand, die aus Latten besteht und deutlich an die traditionellen nordischen Saunen erinnert. Das Innenlicht, das sich an der R\u00fcckwand befindet, erzeugt eine besonders gem\u00fctliche Atmosph\u00e4re.&nbsp;<\/p>\n<!-- \/wp:paragraph -->","post_title":"Idea","post_excerpt":"","post_status":"publish","comment_status":"closed","ping_status":"closed","post_password":"","post_name":"idea","to_ping":"","pinged":"","post_modified":"2025-05-20 18:01:27","post_modified_gmt":"2025-05-20 16:01:27","post_content_filtered":"","post_parent":0,"guid":"https:\/\/www.effe.it\/prodotto\/idea\/","menu_order":0,"post_type":"prodotto","post_mime_type":"","comment_count":"0","filter":"raw"}],"url_link_":""},{"image-slider-gallery":false,"title-image-gallery":"Yoku Kollektion","text-image-gallery":"Entdecken Sie die Yoku-Kollektion und ihre Formen, die einem besonderen Fachgebiet der japanischen Medizin inspiriert sind.","video":"699036779","activate_on_mobile":false,"seleziona_tipo_link":"Link Interno","product_page_related":[{"ID":15465,"post_author":"2","post_date":"2021-09-09 18:51:43","post_date_gmt":"2021-09-09 16:51:43","post_content":"","post_title":"Kollektion Yoku","post_excerpt":"","post_status":"publish","comment_status":"closed","ping_status":"closed","post_password":"","post_name":"kollektion-yoku","to_ping":"","pinged":"","post_modified":"2021-09-27 19:21:51","post_modified_gmt":"2021-09-27 17:21:51","post_content_filtered":"","post_parent":0,"guid":"https:\/\/www.effe.it\/kollektion-yoku\/","menu_order":0,"post_type":"page","post_mime_type":"","comment_count":"0","filter":"raw"}],"url_link_":""},{"image-slider-gallery":"https:\/\/static.effe.it\/website\/2021\/09\/slider-home-4.jpg","title-image-gallery":"BodyLove","text-image-gallery":"Rodolfo Dordoni und Michele Angelini f\u00f6rdern die Raumarchitektur, die dem Wohlbefinden gewidmet ist. Erleben Sie in vollen Z\u00fcgen die Beziehung zu Ihrem K\u00f6rper und den R\u00e4umlichkeiten in Ihrem Haus.","video":"","activate_on_mobile":true,"seleziona_tipo_link":"Link Interno","product_page_related":[{"ID":9662,"post_author":"12708","post_date":"2021-07-29 12:19:09","post_date_gmt":"2021-07-29 10:19:09","post_content":"Gestalten Sie Ihr SPA, privat oder \u00f6ffentlich, ganz nach Ihren Vorstellungen. Mit dem modularen System BodyLove k\u00f6nnen Sie Sauna, t\u00fcrkisches Dampfbad und Dusche vereinen. Hamam-Elemente von au\u00dfergew\u00f6hnlicher Qualit\u00e4t: Steinzeug Champagne oder Ornamentglas, wei\u00dfe B\u00e4nke aus Corian\u00ae, Zubeh\u00f6r aus Teak.\nInnenausf\u00fchrungen g\u00e4nzlich und f\u00fcr Projekte nach Ma\u00df auch mit anderen Verkleidungen verfliesbar. Verschiedene Ausrichtungs- und Positionierungsm\u00f6glichkeiten der T\u00fcren zu beiden Bereichen f\u00fcr L\u00f6sungen mit individuell gestaltetem Wellnessbereich. BodyLove bietet viele Gestaltungsm\u00f6glichkeiten hinsichtlich der Wahl und Kombination der Materialien.","post_title":"BodyLove SH","post_excerpt":"","post_status":"publish","comment_status":"closed","ping_status":"closed","post_password":"","post_name":"bodylove-sh","to_ping":"","pinged":"","post_modified":"2026-04-29 17:08:50","post_modified_gmt":"2026-04-29 15:08:50","post_content_filtered":"","post_parent":0,"guid":"https:\/\/www.effe.it\/prodotto\/bodylove-sh\/","menu_order":0,"post_type":"prodotto","post_mime_type":"","comment_count":"0","filter":"raw"}],"url_link_":""},{"image-slider-gallery":false,"title-image-gallery":"BodyLove","text-image-gallery":"Erleben Sie in vollen Z\u00fcgen die Beziehung zu Ihrem K\u00f6rper und den R\u00e4umlichkeiten in Ihrem Haus.","video":"671868262","activate_on_mobile":true,"seleziona_tipo_link":"Link Interno","product_page_related":[{"ID":15450,"post_author":"2","post_date":"2021-09-09 18:43:19","post_date_gmt":"2021-09-09 16:43:19","post_content":"","post_title":"Kollektion Bodylove","post_excerpt":"","post_status":"publish","comment_status":"closed","ping_status":"closed","post_password":"","post_name":"kollektion-bodylove","to_ping":"","pinged":"","post_modified":"2021-09-27 19:21:10","post_modified_gmt":"2021-09-27 17:21:10","post_content_filtered":"","post_parent":0,"guid":"https:\/\/www.effe.it\/kollektion-bodylove\/","menu_order":0,"post_type":"page","post_mime_type":"","comment_count":"0","filter":"raw"}],"url_link_":""},{"image-slider-gallery":"https:\/\/static.effe.it\/website\/2021\/09\/slider-home-3.jpg","title-image-gallery":"BodyLove","text-image-gallery":"Erleben Sie in vollen Z\u00fcgen die Beziehung zu Ihrem K\u00f6rper und den R\u00e4umlichkeiten in Ihrem Haus.","video":"","activate_on_mobile":true,"seleziona_tipo_link":"Link Interno","product_page_related":[{"ID":9693,"post_author":"12708","post_date":"2021-07-29 11:03:03","post_date_gmt":"2021-07-29 09:03:03","post_content":"Eine Sauna mit einzigartigem Design, die dem Raum eine starke Pers\u00f6nlichkeit und gro\u00dfe Eleganz gibt. Der Saunaofen von BodyLove ist mit emaillierter Keramik und in einzigartigen Farben verkleidet: ein edles Material, das die Weichheit des Holzes unterstreicht. Die W\u00e4rmequelle, ein Element von zentraler Bedeutung f\u00fcr die Tradition der finnischen Sauna, nimmt auch in puncto Design wieder eine Hauptrolle ein. Die W\u00e4nde werden in zwei Holzausf\u00fchrungen angeboten: naturbelassenes Hemlock-Holz und thermisch behandeltes Massivholz, mit der M\u00f6glichkeit, auf Anfrage Spiegelfl\u00e4chen einzuf\u00fcgen. BodyLove bietet Au\u00dfent\u00e4felungen, die die heimische Dimension des als Einrichtungselement konzipierten Systems hervorhebt. Wie alle Produkte von Effe bietet auch BodyLove viele individuelle Gestaltungsm\u00f6glichkeiten hinsichtlich der Wahl und der Kombination der Materialien und erm\u00f6glicht damit die Realisierung eines wahrhaft ma\u00dfgeschneiderten Wellnessbereichs.","post_title":"BodyLove S","post_excerpt":"","post_status":"publish","comment_status":"closed","ping_status":"closed","post_password":"","post_name":"bodylove-s","to_ping":"","pinged":"","post_modified":"2026-04-29 17:09:13","post_modified_gmt":"2026-04-29 15:09:13","post_content_filtered":"","post_parent":0,"guid":"https:\/\/www.effe.it\/prodotto\/bodylove-s\/","menu_order":0,"post_type":"prodotto","post_mime_type":"","comment_count":"0","filter":"raw"}],"url_link_":""},{"image-slider-gallery":false,"title-image-gallery":"Yoku S","text-image-gallery":"Erleben Sie in vollen Z\u00fcgen die Beziehung zu Ihrem K\u00f6rper und den R\u00e4umlichkeiten in Ihrem Haus.","video":"712974041","activate_on_mobile":true,"seleziona_tipo_link":"Link Interno","product_page_related":[{"ID":9693,"post_author":"12708","post_date":"2021-07-29 11:03:03","post_date_gmt":"2021-07-29 09:03:03","post_content":"Eine Sauna mit einzigartigem Design, die dem Raum eine starke Pers\u00f6nlichkeit und gro\u00dfe Eleganz gibt. Der Saunaofen von BodyLove ist mit emaillierter Keramik und in einzigartigen Farben verkleidet: ein edles Material, das die Weichheit des Holzes unterstreicht. Die W\u00e4rmequelle, ein Element von zentraler Bedeutung f\u00fcr die Tradition der finnischen Sauna, nimmt auch in puncto Design wieder eine Hauptrolle ein. Die W\u00e4nde werden in zwei Holzausf\u00fchrungen angeboten: naturbelassenes Hemlock-Holz und thermisch behandeltes Massivholz, mit der M\u00f6glichkeit, auf Anfrage Spiegelfl\u00e4chen einzuf\u00fcgen. BodyLove bietet Au\u00dfent\u00e4felungen, die die heimische Dimension des als Einrichtungselement konzipierten Systems hervorhebt. Wie alle Produkte von Effe bietet auch BodyLove viele individuelle Gestaltungsm\u00f6glichkeiten hinsichtlich der Wahl und der Kombination der Materialien und erm\u00f6glicht damit die Realisierung eines wahrhaft ma\u00dfgeschneiderten Wellnessbereichs.","post_title":"BodyLove S","post_excerpt":"","post_status":"publish","comment_status":"closed","ping_status":"closed","post_password":"","post_name":"bodylove-s","to_ping":"","pinged":"","post_modified":"2026-04-29 17:09:13","post_modified_gmt":"2026-04-29 15:09:13","post_content_filtered":"","post_parent":0,"guid":"https:\/\/www.effe.it\/prodotto\/bodylove-s\/","menu_order":0,"post_type":"prodotto","post_mime_type":"","comment_count":"0","filter":"raw"}],"url_link_":""},{"image-slider-gallery":"https:\/\/static.effe.it\/website\/2021\/09\/slider-home-2.jpg","title-image-gallery":"Waldbad","text-image-gallery":"Entdecken Sie die Yoku-Kollektion und ihre Formen, die einem besonderen Fachgebiet der japanischen Medizin inspiriert sind.","video":"","activate_on_mobile":true,"seleziona_tipo_link":"Link Interno","product_page_related":[{"ID":15465,"post_author":"2","post_date":"2021-09-09 18:51:43","post_date_gmt":"2021-09-09 16:51:43","post_content":"","post_title":"Kollektion Yoku","post_excerpt":"","post_status":"publish","comment_status":"closed","ping_status":"closed","post_password":"","post_name":"kollektion-yoku","to_ping":"","pinged":"","post_modified":"2021-09-27 19:21:51","post_modified_gmt":"2021-09-27 17:21:51","post_content_filtered":"","post_parent":0,"guid":"https:\/\/www.effe.it\/kollektion-yoku\/","menu_order":0,"post_type":"page","post_mime_type":"","comment_count":"0","filter":"raw"}],"url_link_":""},{"image-slider-gallery":false,"title-image-gallery":"Yoku S","text-image-gallery":"Entdecken Sie die preisgekr\u00f6nte Kollektion, die den nat\u00fcrlichen Atmosph\u00e4ren inspiriert ist. ","video":"671868574","activate_on_mobile":false,"seleziona_tipo_link":"Link Interno","product_page_related":[{"ID":9746,"post_author":"12708","post_date":"2021-07-29 11:03:03","post_date_gmt":"2021-07-29 09:03:03","post_content":"Drei verschiedene L\u00f6sungen mit drei verschiedenen Holzarten machen den Weg frei f\u00fcr vielerlei Projektvorschl\u00e4ge. Der Ofen ist in die untere Bank integriert, wodurch ein formales lineares Bild entsteht.\n\nDie Inspiration, aus der sich ihr Name ableitet, bezieht sich auf einen Zweig der japanischen Naturmedizin, der sich die positiven Wirkungen des Kontakts mit Pflanzen und mit dem Wald zunutze macht.","post_title":"Yoku S","post_excerpt":"","post_status":"publish","comment_status":"closed","ping_status":"closed","post_password":"","post_name":"yoku-s","to_ping":"","pinged":"","post_modified":"2025-09-04 12:13:46","post_modified_gmt":"2025-09-04 10:13:46","post_content_filtered":"","post_parent":0,"guid":"https:\/\/www.effe.it\/prodotto\/yoku-s\/","menu_order":0,"post_type":"prodotto","post_mime_type":"","comment_count":"0","filter":"raw"}],"url_link_":""},{"image-slider-gallery":"https:\/\/static.effe.it\/website\/2021\/09\/slider-home-5.jpg","title-image-gallery":"Yoku","text-image-gallery":"Entdecken Sie die preisgekr\u00f6nte Kollektion, die den nat\u00fcrlichen Atmosph\u00e4ren inspiriert ist. ","video":"","activate_on_mobile":false,"seleziona_tipo_link":"Link Interno","product_page_related":[{"ID":15465,"post_author":"2","post_date":"2021-09-09 18:51:43","post_date_gmt":"2021-09-09 16:51:43","post_content":"","post_title":"Kollektion Yoku","post_excerpt":"","post_status":"publish","comment_status":"closed","ping_status":"closed","post_password":"","post_name":"kollektion-yoku","to_ping":"","pinged":"","post_modified":"2021-09-27 19:21:51","post_modified_gmt":"2021-09-27 17:21:51","post_content_filtered":"","post_parent":0,"guid":"https:\/\/www.effe.it\/kollektion-yoku\/","menu_order":0,"post_type":"page","post_mime_type":"","comment_count":"0","filter":"raw"}],"url_link_":""}],"nome_listino":"","entrata_in_vigore_listino":"15.11.2021"},"_links":{"self":[{"href":"https:\/\/www.effe.it\/de\/wp-json\/wp\/v2\/pages\/9850"}],"collection":[{"href":"https:\/\/www.effe.it\/de\/wp-json\/wp\/v2\/pages"}],"about":[{"href":"https:\/\/www.effe.it\/de\/wp-json\/wp\/v2\/types\/page"}],"author":[{"embeddable":true,"href":"https:\/\/www.effe.it\/de\/wp-json\/wp\/v2\/users\/1"}],"replies":[{"embeddable":true,"href":"https:\/\/www.effe.it\/de\/wp-json\/wp\/v2\/comments?post=9850"}],"version-history":[{"count":10,"href":"https:\/\/www.effe.it\/de\/wp-json\/wp\/v2\/pages\/9850\/revisions"}],"predecessor-version":[{"id":37761,"href":"https:\/\/www.effe.it\/de\/wp-json\/wp\/v2\/pages\/9850\/revisions\/37761"}],"wp:attachment":[{"href":"https:\/\/www.effe.it\/de\/wp-json\/wp\/v2\/media?parent=9850"}],"wp:term":[{"taxonomy":"categoria_pagina","embeddable":true,"href":"https:\/\/www.effe.it\/de\/wp-json\/wp\/v2\/categoria_pagina?post=9850"}],"curies":[{"name":"wp","href":"https:\/\/api.w.org\/{rel}","templated":true}]}}