{"id":37114,"date":"2025-10-29T11:59:20","date_gmt":"2025-10-29T09:59:20","guid":{"rendered":"https:\/\/www.effe.it\/le-funzioni-dei-generatori\/"},"modified":"2025-10-30T12:51:07","modified_gmt":"2025-10-30T10:51:07","slug":"die-funktionen-der-dampfgeneratoren","status":"publish","type":"page","link":"https:\/\/www.effe.it\/de\/die-funktionen-der-dampfgeneratoren\/","title":{"rendered":"Die funktionen der dampfgeneratoren"},"content":{"rendered":"\n<p>Dichter, reiner und gleichm\u00e4\u00dfig erw\u00e4rmter Dampf: So wird das Hammam-Ritual zu einem einzigartigen und unvergesslichen Erlebnis. Nur Effe kann dank ausgefeilter Technologien, die in jahrelanger Erfahrung intern entwickelt wurden, einen \u00fcber die Zeit hinweg perfekten Dampf garantieren.<\/p>\n","protected":false},"excerpt":{"rendered":"<p>Dichter, reiner und gleichm\u00e4\u00dfig erw\u00e4rmter Dampf: So wird das Hammam-Ritual zu einem einzigartigen und unvergesslichen Erlebnis. Nur Effe kann dank ausgefeilter Technologien, die in jahrelanger Erfahrung intern entwickelt wurden, einen \u00fcber die Zeit hinweg perfekten Dampf garantieren.<\/p>\n","protected":false},"author":3,"featured_media":17175,"parent":0,"menu_order":0,"comment_status":"closed","ping_status":"closed","template":"","meta":{"inline_featured_image":false,"footnotes":""},"categoria_pagina":[1009],"better_featured_image":{"id":17175,"alt_text":"","caption":"","description":"","media_type":"image","media_details":{"width":420,"height":285,"file":"2021\/03\/STEAM-TECHNOLOGY-EFFE.png","sizes":{"medium":{"file":"STEAM-TECHNOLOGY-EFFE-300x204.png","width":300,"height":204,"mime-type":"image\/png","source_url":"https:\/\/static.effe.it\/website\/2021\/03\/STEAM-TECHNOLOGY-EFFE-300x204.png"},"thumbnail":{"file":"STEAM-TECHNOLOGY-EFFE-150x150.png","width":150,"height":150,"mime-type":"image\/png","source_url":"https:\/\/static.effe.it\/website\/2021\/03\/STEAM-TECHNOLOGY-EFFE-150x150.png"}},"image_meta":{"aperture":"0","credit":"","camera":"","caption":"","created_timestamp":"0","copyright":"","focal_length":"0","iso":"0","shutter_speed":"0","title":"","orientation":"0","keywords":[]}},"post":2481,"source_url":"https:\/\/static.effe.it\/website\/2021\/03\/STEAM-TECHNOLOGY-EFFE.png"},"acf":{"add_custom_gallery":false,"nome_listino":"","entrata_in_vigore_listino":"15.11.2021"},"_links":{"self":[{"href":"https:\/\/www.effe.it\/de\/wp-json\/wp\/v2\/pages\/37114"}],"collection":[{"href":"https:\/\/www.effe.it\/de\/wp-json\/wp\/v2\/pages"}],"about":[{"href":"https:\/\/www.effe.it\/de\/wp-json\/wp\/v2\/types\/page"}],"author":[{"embeddable":true,"href":"https:\/\/www.effe.it\/de\/wp-json\/wp\/v2\/users\/3"}],"replies":[{"embeddable":true,"href":"https:\/\/www.effe.it\/de\/wp-json\/wp\/v2\/comments?post=37114"}],"version-history":[{"count":2,"href":"https:\/\/www.effe.it\/de\/wp-json\/wp\/v2\/pages\/37114\/revisions"}],"predecessor-version":[{"id":37131,"href":"https:\/\/www.effe.it\/de\/wp-json\/wp\/v2\/pages\/37114\/revisions\/37131"}],"wp:featuredmedia":[{"embeddable":true,"href":"https:\/\/www.effe.it\/de\/wp-json\/wp\/v2\/media\/17175"}],"wp:attachment":[{"href":"https:\/\/www.effe.it\/de\/wp-json\/wp\/v2\/media?parent=37114"}],"wp:term":[{"taxonomy":"categoria_pagina","embeddable":true,"href":"https:\/\/www.effe.it\/de\/wp-json\/wp\/v2\/categoria_pagina?post=37114"}],"curies":[{"name":"wp","href":"https:\/\/api.w.org\/{rel}","templated":true}]}}